{"id":776,"date":"2021-03-09T10:21:16","date_gmt":"2021-03-09T10:21:16","guid":{"rendered":"https:\/\/cryptominingfuture.com\/?page_id=776"},"modified":"2021-03-09T11:24:28","modified_gmt":"2021-03-09T11:24:28","slug":"eagle-network-instalacija","status":"publish","type":"page","link":"https:\/\/cryptominingfuture.com\/en\/eagle-network-instalacija\/","title":{"rendered":"Eagle Network Instalacija"},"content":{"rendered":"<p>[vc_row full_width=&#8221;stretch_row&#8221; css=&#8221;.vc_custom_1615286500399{background-color: #e5d7b4 !important;}&#8221; el_id=&#8221;foto&#8221;][vc_column][vc_single_image image=&#8221;762&#8243; img_size=&#8221;1170&#215;585&#8243; alignment=&#8221;center&#8221;][\/vc_column][\/vc_row][vc_row][vc_column][vc_column_text]<\/p>\n<h4>Budite pionir nove besplatne aplikacije Crypto rudarenje!<\/h4>\n<p>[\/vc_column_text][\/vc_column][\/vc_row][vc_row][vc_column width=&#8221;1\/3&#8243;][\/vc_column][vc_column width=&#8221;2\/3&#8243;][vc_column_text]<\/p>\n<h4>EAGLE Network<\/h4>\n<p>Super je jednostavno &#8211; va\u0161e rudarske platforme ve\u0107 su postavljene i rade na oblaku. \u010cim postavite svoj ra\u010dun mo\u017eete po\u010deti rudariti na va\u0161em mobitelu.<br \/>\nBesplatno je i jednostavno. Zaradite sa EAGLE Networkom.[\/vc_column_text][vc_row_inner][vc_column_inner width=&#8221;1\/3&#8243;][\/vc_column_inner][vc_column_inner width=&#8221;1\/3&#8243;][vc_empty_space][vc_single_image image=&#8221;558&#8243; img_size=&#8221;full&#8221; onclick=&#8221;custom_link&#8221; img_link_target=&#8221;_blank&#8221; link=&#8221;https:\/\/play.google.com\/store\/apps\/details?id=com.eagle.network&#8221;][\/vc_column_inner][vc_column_inner width=&#8221;1\/3&#8243;][vc_empty_space][vc_single_image image=&#8221;557&#8243; img_size=&#8221;full&#8221;][\/vc_column_inner][\/vc_row_inner][\/vc_column][\/vc_row][vc_row][vc_column][vc_column_text]<\/p>\n<h4>1. Otvorite ra\u010dun<\/h4>\n<p>Nakon preuzimanja aplikacije otvorite da biste se registrirali i otvorili ra\u010dun.<\/p>\n<p><img loading=\"lazy\" decoding=\"async\" class=\"aligncenter wp-image-780 size-full\" src=\"https:\/\/cryptominingfuture.com\/wp-content\/uploads\/2021\/03\/foto1.png\" alt=\"\" width=\"458\" height=\"1009\" srcset=\"https:\/\/cryptominingfuture.com\/wp-content\/uploads\/2021\/03\/foto1.png 458w, https:\/\/cryptominingfuture.com\/wp-content\/uploads\/2021\/03\/foto1-136x300.png 136w\" sizes=\"(max-width: 458px) 100vw, 458px\" \/><\/p>\n<p>Mo\u017eete se registrirati s Facebook ra\u010dunom ili svojim telefonskim brojem. Me\u0111utim, trebali biste odabrati telefonski broj kako biste kasnije olak\u0161ali autentifikaciju svog ra\u010duna Eagle mre\u017ee.<\/p>\n<p><img loading=\"lazy\" decoding=\"async\" class=\"aligncenter wp-image-782 size-full\" src=\"https:\/\/cryptominingfuture.com\/wp-content\/uploads\/2021\/03\/foto2.png\" alt=\"\" width=\"456\" height=\"1005\" srcset=\"https:\/\/cryptominingfuture.com\/wp-content\/uploads\/2021\/03\/foto2.png 456w, https:\/\/cryptominingfuture.com\/wp-content\/uploads\/2021\/03\/foto2-136x300.png 136w\" sizes=\"(max-width: 456px) 100vw, 456px\" \/><\/p>\n<p>Upi\u0161ite svoj broj telefona i verificirajte ga kodom koji \u0107ete primiti.<\/p>\n<p><img loading=\"lazy\" decoding=\"async\" class=\"aligncenter wp-image-786 size-full\" src=\"https:\/\/cryptominingfuture.com\/wp-content\/uploads\/2021\/03\/foto3.png\" alt=\"\" width=\"456\" height=\"1007\" srcset=\"https:\/\/cryptominingfuture.com\/wp-content\/uploads\/2021\/03\/foto3.png 456w, https:\/\/cryptominingfuture.com\/wp-content\/uploads\/2021\/03\/foto3-136x300.png 136w\" sizes=\"(max-width: 456px) 100vw, 456px\" \/><\/p>\n<p>Unesite ime, prezime i korisni\u010dko ime.<br \/>\n***VA\u017dNO!!! Unesite ime i prezime to\u010dno jer \u0107e vas kod identificirati koja mo\u017ee biti kroz par mjeseci tra\u017eiti dokument i na njemu mora biti to\u010dno kao \u0161to ste upisali kod registracije ina\u010de \u0107e se ra\u010dun poni\u0161titi. Username mora imati 4-20 znakova bez razmaka.<\/p>\n<p><img loading=\"lazy\" decoding=\"async\" class=\"aligncenter wp-image-785 size-full\" src=\"https:\/\/cryptominingfuture.com\/wp-content\/uploads\/2021\/03\/foto4.png\" alt=\"\" width=\"454\" height=\"1011\" srcset=\"https:\/\/cryptominingfuture.com\/wp-content\/uploads\/2021\/03\/foto4.png 454w, https:\/\/cryptominingfuture.com\/wp-content\/uploads\/2021\/03\/foto4-135x300.png 135w\" sizes=\"(max-width: 454px) 100vw, 454px\" \/><\/p>\n<p>U ovom koraku unesite pozivni kod <strong>kpavlov2000<\/strong> (ovo je moj kod). U praksi mo\u017eete unijeti bilo \u010diji pozivni kod, ali ako uneste <strong>kpavlov2000<\/strong> bit \u0107u zahvala i stajat \u0107u na raspolaganju za pitanja preko Bee network chata,<br \/>\n==&gt; Napomena: kod <strong>kpavlov2000<\/strong> je pisan malim slovima.<\/p>\n<p><img loading=\"lazy\" decoding=\"async\" class=\"aligncenter wp-image-784 size-full\" src=\"https:\/\/cryptominingfuture.com\/wp-content\/uploads\/2021\/03\/foto5.png\" alt=\"\" width=\"457\" height=\"1009\" srcset=\"https:\/\/cryptominingfuture.com\/wp-content\/uploads\/2021\/03\/foto5.png 457w, https:\/\/cryptominingfuture.com\/wp-content\/uploads\/2021\/03\/foto5-136x300.png 136w\" sizes=\"(max-width: 457px) 100vw, 457px\" \/><\/p>\n<p>Dakle, izvr\u0161ili ste registraciju ta Eagle Network i mo\u017eete stisnuti dugme sa orlom ta po\u010detak rudarenja. Eagle \u0107e se skupljati na va\u0161 ra\u010dun sljede\u0107a 24 sata, nakon toga morate ponovno pristisnuti dugme da bi se po\u010dela nova sesija.<\/p>\n<p><img loading=\"lazy\" decoding=\"async\" class=\"aligncenter wp-image-783 size-full\" src=\"https:\/\/cryptominingfuture.com\/wp-content\/uploads\/2021\/03\/foto6.png\" alt=\"\" width=\"462\" height=\"1011\" srcset=\"https:\/\/cryptominingfuture.com\/wp-content\/uploads\/2021\/03\/foto6.png 462w, https:\/\/cryptominingfuture.com\/wp-content\/uploads\/2021\/03\/foto6-137x300.png 137w\" sizes=\"(max-width: 462px) 100vw, 462px\" \/>[\/vc_column_text][\/vc_column][\/vc_row]<\/p>\n","protected":false},"excerpt":{"rendered":"<p>[vc_row full_width=&#8221;stretch_row&#8221; css=&#8221;.vc_custom_1615286500399{background-color: #e5d7b4 !important;}&#8221; el_id=&#8221;foto&#8221;][vc_column][vc_single_image image=&#8221;762&#8243; img_size=&#8221;1170&#215;585&#8243; alignment=&#8221;center&#8221;][\/vc_column][\/vc_row][vc_row][vc_column][vc_column_text] Budite pionir nove besplatne aplikacije Crypto rudarenje! [\/vc_column_text][\/vc_column][\/vc_row][vc_row][vc_column width=&#8221;1\/3&#8243;][\/vc_column][vc_column width=&#8221;2\/3&#8243;][vc_column_text] EAGLE Network Super je jednostavno &#8211; va\u0161e rudarske platforme ve\u0107 su postavljene i rade na oblaku. \u010cim postavite svoj ra\u010dun mo\u017eete po\u010deti rudariti na va\u0161em mobitelu. Besplatno je i jednostavno. Zaradite sa EAGLE Networkom.[\/vc_column_text][vc_row_inner][vc_column_inner width=&#8221;1\/3&#8243;][\/vc_column_inner][vc_column_inner width=&#8221;1\/3&#8243;][vc_empty_space][vc_single_image [&hellip;]<\/p>\n","protected":false},"author":2,"featured_media":0,"parent":0,"menu_order":0,"comment_status":"closed","ping_status":"closed","template":"","meta":{"footnotes":""},"class_list":["post-776","page","type-page","status-publish","hentry"],"translation":{"provider":"WPGlobus","version":"3.0.0","language":"en","enabled_languages":["hr","en"],"languages":{"hr":{"title":true,"content":true,"excerpt":false},"en":{"title":false,"content":false,"excerpt":false}}},"_links":{"self":[{"href":"https:\/\/cryptominingfuture.com\/en\/wp-json\/wp\/v2\/pages\/776"}],"collection":[{"href":"https:\/\/cryptominingfuture.com\/en\/wp-json\/wp\/v2\/pages"}],"about":[{"href":"https:\/\/cryptominingfuture.com\/en\/wp-json\/wp\/v2\/types\/page"}],"author":[{"embeddable":true,"href":"https:\/\/cryptominingfuture.com\/en\/wp-json\/wp\/v2\/users\/2"}],"replies":[{"embeddable":true,"href":"https:\/\/cryptominingfuture.com\/en\/wp-json\/wp\/v2\/comments?post=776"}],"version-history":[{"count":5,"href":"https:\/\/cryptominingfuture.com\/en\/wp-json\/wp\/v2\/pages\/776\/revisions"}],"predecessor-version":[{"id":787,"href":"https:\/\/cryptominingfuture.com\/en\/wp-json\/wp\/v2\/pages\/776\/revisions\/787"}],"wp:attachment":[{"href":"https:\/\/cryptominingfuture.com\/en\/wp-json\/wp\/v2\/media?parent=776"}],"curies":[{"name":"wp","href":"https:\/\/api.w.org\/{rel}","templated":true}]}}